{"id":564,"date":"2025-12-31T01:57:51","date_gmt":"2025-12-31T01:57:51","guid":{"rendered":"https:\/\/isoyaevent.fr\/?page_id=564"},"modified":"2026-01-07T18:41:18","modified_gmt":"2026-01-07T18:41:18","slug":"evenements-prives","status":"publish","type":"page","link":"https:\/\/isoyaevent.fr\/index.php\/evenements-prives\/","title":{"rendered":"\u00c9v\u00e9nements Priv\u00e9s"},"content":{"rendered":"\t\t<div data-elementor-type=\"wp-page\" data-elementor-id=\"564\" class=\"elementor elementor-564\" data-elementor-post-type=\"page\">\n\t\t\t\t<div class=\"elementor-element elementor-element-8797ae6 e-flex e-con-boxed e-con e-parent\" data-id=\"8797ae6\" data-element_type=\"container\">\n\t\t\t\t\t<div class=\"e-con-inner\">\n\t\t\t\t<div class=\"elementor-element elementor-element-81d5895 elementor-widget__width-inherit elementor-widget elementor-widget-heading\" data-id=\"81d5895\" data-element_type=\"widget\" data-widget_type=\"heading.default\">\n\t\t\t\t<div class=\"elementor-widget-container\">\n\t\t\t<h2 class=\"elementor-heading-title elementor-size-default\">Moments d'exception<\/h2>\t\t<\/div>\n\t\t\t\t<\/div>\n\t\t\t\t<div class=\"elementor-element elementor-element-81b737a elementor-widget elementor-widget-text-editor\" data-id=\"81b737a\" data-element_type=\"widget\" data-widget_type=\"text-editor.default\">\n\t\t\t\t<div class=\"elementor-widget-container\">\n\t\t\t\t\t\t\t<p>Nous nous occupons de chaque d\u00e9tail pour que votre \u00e9v\u00e9nement priv\u00e9 soit m\u00e9morable, en proposant une gestion compl\u00e8te incluant la coordination des prestataires, la mise en place d\u2019une d\u00e9coration unique et adapt\u00e9e \u00e0 votre th\u00e8me, et la planification logistique pour que tout se d\u00e9roule sans accroc. Nos prestations incluent la conception de d\u00e9cors, la cr\u00e9ation de papeterie personnalis\u00e9e, la gestion des animations, ainsi que l\u2019installation et la d\u00e9sinstallation de tous les \u00e9l\u00e9ments d\u00e9coratifs. Avec ISOYA EVENT, chaque f\u00eate est pens\u00e9e pour refl\u00e9ter votre personnalit\u00e9 et laisser des souvenirs imp\u00e9rissables \u00e0 vous et vos invit\u00e9s.<\/p>\t\t\t\t\t\t<\/div>\n\t\t\t\t<\/div>\n\t\t\t\t\t<\/div>\n\t\t\t\t<\/div>\n\t\t<div class=\"elementor-element elementor-element-cf8beca e-flex e-con-boxed e-con e-parent\" data-id=\"cf8beca\" data-element_type=\"container\">\n\t\t\t\t\t<div class=\"e-con-inner\">\n\t\t\t\t<div class=\"elementor-element elementor-element-dcedc6d elementor-widget__width-inherit elementor-widget elementor-widget-heading\" data-id=\"dcedc6d\" data-element_type=\"widget\" data-widget_type=\"heading.default\">\n\t\t\t\t<div class=\"elementor-widget-container\">\n\t\t\t<h2 class=\"elementor-heading-title elementor-size-default\">Nos \u00e9v\u00e8nements priv\u00e9s<\/h2>\t\t<\/div>\n\t\t\t\t<\/div>\n\t\t<div class=\"elementor-element elementor-element-a68e3e8 e-con-full e-flex e-con e-child\" data-id=\"a68e3e8\" data-element_type=\"container\">\n\t\t\t\t<div class=\"elementor-element elementor-element-31121ec elementor-widget elementor-widget-heading\" data-id=\"31121ec\" data-element_type=\"widget\" data-widget_type=\"heading.default\">\n\t\t\t\t<div class=\"elementor-widget-container\">\n\t\t\t<h3 class=\"elementor-heading-title elementor-size-default\">Mon incroyable anniversaire<\/h3>\t\t<\/div>\n\t\t\t\t<\/div>\n\t\t\t\t<div class=\"elementor-element elementor-element-81253ec elementor-widget elementor-widget-text-editor\" data-id=\"81253ec\" data-element_type=\"widget\" data-settings=\"{&quot;sticky&quot;:&quot;top&quot;,&quot;sticky_on&quot;:[&quot;desktop&quot;,&quot;tablet&quot;,&quot;mobile&quot;],&quot;sticky_offset&quot;:0,&quot;sticky_effects_offset&quot;:0}\" data-widget_type=\"text-editor.default\">\n\t\t\t\t<div class=\"elementor-widget-container\">\n\t\t\t\t\t\t\t<p>\u2728\u00a0Chez ISOYA EVENT, nous imaginons et concevons des d\u00e9cors sur mesure, pens\u00e9s dans les moindres d\u00e9tails pour cr\u00e9er l\u2019effet <em>waouh<\/em> d\u00e8s le premier regard.<\/p><p>De la r\u00e9flexion cr\u00e9ative \u00e0 l\u2019installation le jour J, nous nous occupons de tout : la sc\u00e9nographie, les \u00e9l\u00e9ments d\u00e9coratifs, les personnalisations et l\u2019harmonie globale de votre \u00e9v\u00e9nement.<\/p><p>Vous profitez pleinement de l\u2019instant, nous transformons vos id\u00e9es en une mise en sc\u00e8ne unique, \u00e9l\u00e9gante et m\u00e9morable, qui marquera les esprits et le c\u0153ur de vos invit\u00e9s.<\/p>\t\t\t\t\t\t<\/div>\n\t\t\t\t<\/div>\n\t\t\t\t<div class=\"elementor-element elementor-element-1a85285 elementor-widget elementor-widget-text-editor\" data-id=\"1a85285\" data-element_type=\"widget\" data-widget_type=\"text-editor.default\">\n\t\t\t\t<div class=\"elementor-widget-container\">\n\t\t\t\t\t\t\t<p>\u2728<strong>Quelques-unes de nos cr\u00e9ation pour des anniversaires d&rsquo;exception<\/strong><\/p>\t\t\t\t\t\t<\/div>\n\t\t\t\t<\/div>\n\t\t\t\t<\/div>\n\t\t\t\t\t<\/div>\n\t\t\t\t<\/div>\n\t\t<div class=\"elementor-element elementor-element-8e58ea5 e-flex e-con-boxed e-con e-parent\" data-id=\"8e58ea5\" data-element_type=\"container\">\n\t\t\t\t\t<div class=\"e-con-inner\">\n\t\t<div class=\"elementor-element elementor-element-29dfbc9 e-con-full e-flex e-con e-child\" data-id=\"29dfbc9\" data-element_type=\"container\">\n\t\t\t\t<div class=\"elementor-element elementor-element-18611d7 elementor-widget elementor-widget-image\" data-id=\"18611d7\" data-element_type=\"widget\" data-widget_type=\"image.default\">\n\t\t\t\t<div class=\"elementor-widget-container\">\n\t\t\t\t\t\t\t\t\t\t\t\t\t<img fetchpriority=\"high\" decoding=\"async\" width=\"800\" height=\"795\" src=\"https:\/\/isoyaevent.fr\/wp-content\/uploads\/2025\/12\/IMG_0586-5-1024x1018.jpeg\" class=\"attachment-large size-large wp-image-570\" alt=\"\" srcset=\"https:\/\/isoyaevent.fr\/wp-content\/uploads\/2025\/12\/IMG_0586-5-1024x1018.jpeg 1024w, https:\/\/isoyaevent.fr\/wp-content\/uploads\/2025\/12\/IMG_0586-5-300x298.jpeg 300w, https:\/\/isoyaevent.fr\/wp-content\/uploads\/2025\/12\/IMG_0586-5-150x150.jpeg 150w, https:\/\/isoyaevent.fr\/wp-content\/uploads\/2025\/12\/IMG_0586-5-768x763.jpeg 768w, https:\/\/isoyaevent.fr\/wp-content\/uploads\/2025\/12\/IMG_0586-5.jpeg 1290w\" sizes=\"(max-width: 800px) 100vw, 800px\" \/>\t\t\t\t\t\t\t\t\t\t\t\t\t<\/div>\n\t\t\t\t<\/div>\n\t\t\t\t<\/div>\n\t\t<div class=\"elementor-element elementor-element-4dad388 e-con-full e-flex e-con e-child\" data-id=\"4dad388\" data-element_type=\"container\">\n\t\t\t\t<div class=\"elementor-element elementor-element-9162ecd elementor-widget elementor-widget-image\" data-id=\"9162ecd\" data-element_type=\"widget\" data-widget_type=\"image.default\">\n\t\t\t\t<div class=\"elementor-widget-container\">\n\t\t\t\t\t\t\t\t\t\t\t\t\t<img decoding=\"async\" width=\"800\" height=\"468\" src=\"https:\/\/isoyaevent.fr\/wp-content\/uploads\/2025\/12\/IMG_6272-1024x599.jpg\" class=\"attachment-large size-large wp-image-571\" alt=\"\" srcset=\"https:\/\/isoyaevent.fr\/wp-content\/uploads\/2025\/12\/IMG_6272-1024x599.jpg 1024w, https:\/\/isoyaevent.fr\/wp-content\/uploads\/2025\/12\/IMG_6272-300x175.jpg 300w, https:\/\/isoyaevent.fr\/wp-content\/uploads\/2025\/12\/IMG_6272-768x449.jpg 768w, https:\/\/isoyaevent.fr\/wp-content\/uploads\/2025\/12\/IMG_6272-1536x898.jpg 1536w, https:\/\/isoyaevent.fr\/wp-content\/uploads\/2025\/12\/IMG_6272-2048x1198.jpg 2048w\" sizes=\"(max-width: 800px) 100vw, 800px\" \/>\t\t\t\t\t\t\t\t\t\t\t\t\t<\/div>\n\t\t\t\t<\/div>\n\t\t\t\t<\/div>\n\t\t<div class=\"elementor-element elementor-element-e48f119 e-con-full e-flex e-con e-child\" data-id=\"e48f119\" data-element_type=\"container\">\n\t\t\t\t<div class=\"elementor-element elementor-element-57e66b9 elementor-widget elementor-widget-image\" data-id=\"57e66b9\" data-element_type=\"widget\" data-widget_type=\"image.default\">\n\t\t\t\t<div class=\"elementor-widget-container\">\n\t\t\t\t\t\t\t\t\t\t\t\t\t<img decoding=\"async\" width=\"800\" height=\"564\" src=\"https:\/\/isoyaevent.fr\/wp-content\/uploads\/2025\/12\/IMG_4119-1024x722.jpg\" class=\"attachment-large size-large wp-image-572\" alt=\"\" srcset=\"https:\/\/isoyaevent.fr\/wp-content\/uploads\/2025\/12\/IMG_4119-1024x722.jpg 1024w, https:\/\/isoyaevent.fr\/wp-content\/uploads\/2025\/12\/IMG_4119-300x212.jpg 300w, https:\/\/isoyaevent.fr\/wp-content\/uploads\/2025\/12\/IMG_4119-768x541.jpg 768w, https:\/\/isoyaevent.fr\/wp-content\/uploads\/2025\/12\/IMG_4119-1536x1083.jpg 1536w, https:\/\/isoyaevent.fr\/wp-content\/uploads\/2025\/12\/IMG_4119-2048x1444.jpg 2048w\" sizes=\"(max-width: 800px) 100vw, 800px\" \/>\t\t\t\t\t\t\t\t\t\t\t\t\t<\/div>\n\t\t\t\t<\/div>\n\t\t\t\t<\/div>\n\t\t<div class=\"elementor-element elementor-element-5d7dbaf e-con-full e-flex e-con e-child\" data-id=\"5d7dbaf\" data-element_type=\"container\">\n\t\t\t\t<div class=\"elementor-element elementor-element-2e09c73 elementor-widget elementor-widget-image\" data-id=\"2e09c73\" data-element_type=\"widget\" data-widget_type=\"image.default\">\n\t\t\t\t<div class=\"elementor-widget-container\">\n\t\t\t\t\t\t\t\t\t\t\t\t\t<img loading=\"lazy\" decoding=\"async\" width=\"768\" height=\"1024\" src=\"https:\/\/isoyaevent.fr\/wp-content\/uploads\/2025\/12\/IMG_7213-1-768x1024.jpg\" class=\"attachment-large size-large wp-image-573\" alt=\"\" srcset=\"https:\/\/isoyaevent.fr\/wp-content\/uploads\/2025\/12\/IMG_7213-1-768x1024.jpg 768w, https:\/\/isoyaevent.fr\/wp-content\/uploads\/2025\/12\/IMG_7213-1-225x300.jpg 225w, https:\/\/isoyaevent.fr\/wp-content\/uploads\/2025\/12\/IMG_7213-1-1152x1536.jpg 1152w, https:\/\/isoyaevent.fr\/wp-content\/uploads\/2025\/12\/IMG_7213-1-1536x2048.jpg 1536w, https:\/\/isoyaevent.fr\/wp-content\/uploads\/2025\/12\/IMG_7213-1-scaled.jpg 1920w\" sizes=\"(max-width: 768px) 100vw, 768px\" \/>\t\t\t\t\t\t\t\t\t\t\t\t\t<\/div>\n\t\t\t\t<\/div>\n\t\t\t\t<\/div>\n\t\t\t\t\t<\/div>\n\t\t\t\t<\/div>\n\t\t<div class=\"elementor-element elementor-element-5da5a37 e-flex e-con-boxed e-con e-parent\" data-id=\"5da5a37\" data-element_type=\"container\">\n\t\t\t\t\t<div class=\"e-con-inner\">\n\t\t\t\t<div class=\"elementor-element elementor-element-d48b282 elementor-widget elementor-widget-heading\" data-id=\"d48b282\" data-element_type=\"widget\" data-widget_type=\"heading.default\">\n\t\t\t\t<div class=\"elementor-widget-container\">\n\t\t\t<h3 class=\"elementor-heading-title elementor-size-default\">Autres c\u00e9l\u00e9brations<\/h3>\t\t<\/div>\n\t\t\t\t<\/div>\n\t\t\t\t<div class=\"elementor-element elementor-element-e4a7536 elementor-widget elementor-widget-text-editor\" data-id=\"e4a7536\" data-element_type=\"widget\" data-widget_type=\"text-editor.default\">\n\t\t\t\t<div class=\"elementor-widget-container\">\n\t\t\t\t\t\t\t<p>Baby Shower, Bridal Shower, fian\u00e7ailles, noces, demandes en mariage, Bar &amp; Bat Mitzvah, Sip &amp; See et bien d\u2019autres c\u00e9l\u00e9brations.<\/p><p>Parce que chaque moment pr\u00e9cieux m\u00e9rite un d\u00e9cor d\u2019exception, imagin\u00e9 pour sublimer vos instants les plus intimes, entour\u00e9 de ceux qui comptent le plus.<\/p>\t\t\t\t\t\t<\/div>\n\t\t\t\t<\/div>\n\t\t\t\t\t<\/div>\n\t\t\t\t<\/div>\n\t\t<div class=\"elementor-element elementor-element-24b5de6 e-flex e-con-boxed e-con e-parent\" data-id=\"24b5de6\" data-element_type=\"container\">\n\t\t\t\t\t<div class=\"e-con-inner\">\n\t\t\t\t<div class=\"elementor-element elementor-element-c8c47bc elementor-tablet-align-center elementor-widget elementor-widget-button\" data-id=\"c8c47bc\" data-element_type=\"widget\" data-widget_type=\"button.default\">\n\t\t\t\t<div class=\"elementor-widget-container\">\n\t\t\t\t\t\t\t<div class=\"elementor-button-wrapper\">\n\t\t\t\t\t<a class=\"elementor-button elementor-button-link elementor-size-sm\" href=\"https:\/\/isoyaevent.fr\/#contact\">\n\t\t\t\t\t\t<span class=\"elementor-button-content-wrapper\">\n\t\t\t\t\t\t\t\t\t<span class=\"elementor-button-text\">JE DEMANDE MON DEVIS<\/span>\n\t\t\t\t\t<\/span>\n\t\t\t\t\t<\/a>\n\t\t\t\t<\/div>\n\t\t\t\t\t\t<\/div>\n\t\t\t\t<\/div>\n\t\t\t\t<div class=\"elementor-element elementor-element-7bcde95 elementor-widget elementor-widget-text-editor\" data-id=\"7bcde95\" data-element_type=\"widget\" data-settings=\"{&quot;motion_fx_motion_fx_scrolling&quot;:&quot;yes&quot;,&quot;motion_fx_devices&quot;:[&quot;desktop&quot;,&quot;tablet&quot;,&quot;mobile&quot;]}\" data-widget_type=\"text-editor.default\">\n\t\t\t\t<div class=\"elementor-widget-container\">\n\t\t\t\t\t\t\t<p>Contactez nous d\u00e8s maintenant pour imaginer un \u00e9v\u00e8nement sur mesure, \u00e9l\u00e9gant et sans stress.<\/p>\t\t\t\t\t\t<\/div>\n\t\t\t\t<\/div>\n\t\t\t\t\t<\/div>\n\t\t\t\t<\/div>\n\t\t\t\t<\/div>\n\t\t","protected":false},"excerpt":{"rendered":"<p>Moments d&rsquo;exception Nous nous occupons de chaque d\u00e9tail pour que votre \u00e9v\u00e9nement priv\u00e9 soit m\u00e9morable, en proposant une gestion compl\u00e8te incluant la coordination des prestataires, la mise en place d\u2019une d\u00e9coration unique et adapt\u00e9e \u00e0 votre th\u00e8me, et la planification logistique pour que tout se d\u00e9roule sans accroc. Nos prestations incluent la conception de d\u00e9cors, [&hellip;]<\/p>\n","protected":false},"author":1,"featured_media":0,"parent":0,"menu_order":0,"comment_status":"closed","ping_status":"closed","template":"","meta":{"footnotes":""},"class_list":["post-564","page","type-page","status-publish","hentry"],"yoast_head":"<!-- This site is optimized with the Yoast SEO plugin v23.9 - https:\/\/yoast.com\/wordpress\/plugins\/seo\/ -->\n<title>\u00c9v\u00e9nements Priv\u00e9s - isoyaevent.fr<\/title>\n<meta name=\"robots\" content=\"index, follow, max-snippet:-1, max-image-preview:large, max-video-preview:-1\" \/>\n<link rel=\"canonical\" href=\"https:\/\/isoyaevent.fr\/index.php\/evenements-prives\/\" \/>\n<meta property=\"og:locale\" content=\"fr_FR\" \/>\n<meta property=\"og:type\" content=\"article\" \/>\n<meta property=\"og:title\" content=\"\u00c9v\u00e9nements Priv\u00e9s - isoyaevent.fr\" \/>\n<meta property=\"og:description\" content=\"Moments d&rsquo;exception Nous nous occupons de chaque d\u00e9tail pour que votre \u00e9v\u00e9nement priv\u00e9 soit m\u00e9morable, en proposant une gestion compl\u00e8te incluant la coordination des prestataires, la mise en place d\u2019une d\u00e9coration unique et adapt\u00e9e \u00e0 votre th\u00e8me, et la planification logistique pour que tout se d\u00e9roule sans accroc. Nos prestations incluent la conception de d\u00e9cors, [&hellip;]\" \/>\n<meta property=\"og:url\" content=\"https:\/\/isoyaevent.fr\/index.php\/evenements-prives\/\" \/>\n<meta property=\"og:site_name\" content=\"isoyaevent.fr\" \/>\n<meta property=\"article:publisher\" content=\"https:\/\/www.facebook.com\/profile.php?id=61554702089975\" \/>\n<meta property=\"article:modified_time\" content=\"2026-01-07T18:41:18+00:00\" \/>\n<meta property=\"og:image\" content=\"http:\/\/isoyaevent.fr\/wp-content\/uploads\/2025\/12\/IMG_0586-5-1024x1018.jpeg\" \/>\n<meta name=\"twitter:card\" content=\"summary_large_image\" \/>\n<meta name=\"twitter:label1\" content=\"Dur\u00e9e de lecture estim\u00e9e\" \/>\n\t<meta name=\"twitter:data1\" content=\"3 minutes\" \/>\n<script type=\"application\/ld+json\" class=\"yoast-schema-graph\">{\"@context\":\"https:\/\/schema.org\",\"@graph\":[{\"@type\":\"WebPage\",\"@id\":\"https:\/\/isoyaevent.fr\/index.php\/evenements-prives\/\",\"url\":\"https:\/\/isoyaevent.fr\/index.php\/evenements-prives\/\",\"name\":\"\u00c9v\u00e9nements Priv\u00e9s - isoyaevent.fr\",\"isPartOf\":{\"@id\":\"http:\/\/isoyaevent.fr\/#website\"},\"primaryImageOfPage\":{\"@id\":\"https:\/\/isoyaevent.fr\/index.php\/evenements-prives\/#primaryimage\"},\"image\":{\"@id\":\"https:\/\/isoyaevent.fr\/index.php\/evenements-prives\/#primaryimage\"},\"thumbnailUrl\":\"http:\/\/isoyaevent.fr\/wp-content\/uploads\/2025\/12\/IMG_0586-5-1024x1018.jpeg\",\"datePublished\":\"2025-12-31T01:57:51+00:00\",\"dateModified\":\"2026-01-07T18:41:18+00:00\",\"breadcrumb\":{\"@id\":\"https:\/\/isoyaevent.fr\/index.php\/evenements-prives\/#breadcrumb\"},\"inLanguage\":\"fr-FR\",\"potentialAction\":[{\"@type\":\"ReadAction\",\"target\":[\"https:\/\/isoyaevent.fr\/index.php\/evenements-prives\/\"]}]},{\"@type\":\"ImageObject\",\"inLanguage\":\"fr-FR\",\"@id\":\"https:\/\/isoyaevent.fr\/index.php\/evenements-prives\/#primaryimage\",\"url\":\"https:\/\/isoyaevent.fr\/wp-content\/uploads\/2025\/12\/IMG_0586-5.jpeg\",\"contentUrl\":\"https:\/\/isoyaevent.fr\/wp-content\/uploads\/2025\/12\/IMG_0586-5.jpeg\",\"width\":1290,\"height\":1282},{\"@type\":\"BreadcrumbList\",\"@id\":\"https:\/\/isoyaevent.fr\/index.php\/evenements-prives\/#breadcrumb\",\"itemListElement\":[{\"@type\":\"ListItem\",\"position\":1,\"name\":\"Home\",\"item\":\"http:\/\/isoyaevent.fr\/\"},{\"@type\":\"ListItem\",\"position\":2,\"name\":\"\u00c9v\u00e9nements Priv\u00e9s\"}]},{\"@type\":\"WebSite\",\"@id\":\"http:\/\/isoyaevent.fr\/#website\",\"url\":\"http:\/\/isoyaevent.fr\/\",\"name\":\"isoyaevent.fr\",\"description\":\"Votre expert en organisation et d\u00e9coration sur mesure, pour des \u00e9v\u00e9nements qui vous ressemblent.\",\"publisher\":{\"@id\":\"http:\/\/isoyaevent.fr\/#organization\"},\"potentialAction\":[{\"@type\":\"SearchAction\",\"target\":{\"@type\":\"EntryPoint\",\"urlTemplate\":\"http:\/\/isoyaevent.fr\/?s={search_term_string}\"},\"query-input\":{\"@type\":\"PropertyValueSpecification\",\"valueRequired\":true,\"valueName\":\"search_term_string\"}}],\"inLanguage\":\"fr-FR\"},{\"@type\":\"Organization\",\"@id\":\"http:\/\/isoyaevent.fr\/#organization\",\"name\":\"isoyaevent.fr\",\"url\":\"http:\/\/isoyaevent.fr\/\",\"logo\":{\"@type\":\"ImageObject\",\"inLanguage\":\"fr-FR\",\"@id\":\"http:\/\/isoyaevent.fr\/#\/schema\/logo\/image\/\",\"url\":\"https:\/\/isoyaevent.fr\/wp-content\/uploads\/2024\/10\/Design-sans-titre-13.png\",\"contentUrl\":\"https:\/\/isoyaevent.fr\/wp-content\/uploads\/2024\/10\/Design-sans-titre-13.png\",\"width\":2160,\"height\":2160,\"caption\":\"isoyaevent.fr\"},\"image\":{\"@id\":\"http:\/\/isoyaevent.fr\/#\/schema\/logo\/image\/\"},\"sameAs\":[\"https:\/\/www.facebook.com\/profile.php?id=61554702089975\",\"https:\/\/www.instagram.com\/isoya_event\/profilecard\/?igsh=OW1hbDQ3b3AxeG1l\"]}]}<\/script>\n<!-- \/ Yoast SEO plugin. -->","yoast_head_json":{"title":"\u00c9v\u00e9nements Priv\u00e9s - isoyaevent.fr","robots":{"index":"index","follow":"follow","max-snippet":"max-snippet:-1","max-image-preview":"max-image-preview:large","max-video-preview":"max-video-preview:-1"},"canonical":"https:\/\/isoyaevent.fr\/index.php\/evenements-prives\/","og_locale":"fr_FR","og_type":"article","og_title":"\u00c9v\u00e9nements Priv\u00e9s - isoyaevent.fr","og_description":"Moments d&rsquo;exception Nous nous occupons de chaque d\u00e9tail pour que votre \u00e9v\u00e9nement priv\u00e9 soit m\u00e9morable, en proposant une gestion compl\u00e8te incluant la coordination des prestataires, la mise en place d\u2019une d\u00e9coration unique et adapt\u00e9e \u00e0 votre th\u00e8me, et la planification logistique pour que tout se d\u00e9roule sans accroc. Nos prestations incluent la conception de d\u00e9cors, [&hellip;]","og_url":"https:\/\/isoyaevent.fr\/index.php\/evenements-prives\/","og_site_name":"isoyaevent.fr","article_publisher":"https:\/\/www.facebook.com\/profile.php?id=61554702089975","article_modified_time":"2026-01-07T18:41:18+00:00","og_image":[{"url":"http:\/\/isoyaevent.fr\/wp-content\/uploads\/2025\/12\/IMG_0586-5-1024x1018.jpeg"}],"twitter_card":"summary_large_image","twitter_misc":{"Dur\u00e9e de lecture estim\u00e9e":"3 minutes"},"schema":{"@context":"https:\/\/schema.org","@graph":[{"@type":"WebPage","@id":"https:\/\/isoyaevent.fr\/index.php\/evenements-prives\/","url":"https:\/\/isoyaevent.fr\/index.php\/evenements-prives\/","name":"\u00c9v\u00e9nements Priv\u00e9s - isoyaevent.fr","isPartOf":{"@id":"http:\/\/isoyaevent.fr\/#website"},"primaryImageOfPage":{"@id":"https:\/\/isoyaevent.fr\/index.php\/evenements-prives\/#primaryimage"},"image":{"@id":"https:\/\/isoyaevent.fr\/index.php\/evenements-prives\/#primaryimage"},"thumbnailUrl":"http:\/\/isoyaevent.fr\/wp-content\/uploads\/2025\/12\/IMG_0586-5-1024x1018.jpeg","datePublished":"2025-12-31T01:57:51+00:00","dateModified":"2026-01-07T18:41:18+00:00","breadcrumb":{"@id":"https:\/\/isoyaevent.fr\/index.php\/evenements-prives\/#breadcrumb"},"inLanguage":"fr-FR","potentialAction":[{"@type":"ReadAction","target":["https:\/\/isoyaevent.fr\/index.php\/evenements-prives\/"]}]},{"@type":"ImageObject","inLanguage":"fr-FR","@id":"https:\/\/isoyaevent.fr\/index.php\/evenements-prives\/#primaryimage","url":"https:\/\/isoyaevent.fr\/wp-content\/uploads\/2025\/12\/IMG_0586-5.jpeg","contentUrl":"https:\/\/isoyaevent.fr\/wp-content\/uploads\/2025\/12\/IMG_0586-5.jpeg","width":1290,"height":1282},{"@type":"BreadcrumbList","@id":"https:\/\/isoyaevent.fr\/index.php\/evenements-prives\/#breadcrumb","itemListElement":[{"@type":"ListItem","position":1,"name":"Home","item":"http:\/\/isoyaevent.fr\/"},{"@type":"ListItem","position":2,"name":"\u00c9v\u00e9nements Priv\u00e9s"}]},{"@type":"WebSite","@id":"http:\/\/isoyaevent.fr\/#website","url":"http:\/\/isoyaevent.fr\/","name":"isoyaevent.fr","description":"Votre expert en organisation et d\u00e9coration sur mesure, pour des \u00e9v\u00e9nements qui vous ressemblent.","publisher":{"@id":"http:\/\/isoyaevent.fr\/#organization"},"potentialAction":[{"@type":"SearchAction","target":{"@type":"EntryPoint","urlTemplate":"http:\/\/isoyaevent.fr\/?s={search_term_string}"},"query-input":{"@type":"PropertyValueSpecification","valueRequired":true,"valueName":"search_term_string"}}],"inLanguage":"fr-FR"},{"@type":"Organization","@id":"http:\/\/isoyaevent.fr\/#organization","name":"isoyaevent.fr","url":"http:\/\/isoyaevent.fr\/","logo":{"@type":"ImageObject","inLanguage":"fr-FR","@id":"http:\/\/isoyaevent.fr\/#\/schema\/logo\/image\/","url":"https:\/\/isoyaevent.fr\/wp-content\/uploads\/2024\/10\/Design-sans-titre-13.png","contentUrl":"https:\/\/isoyaevent.fr\/wp-content\/uploads\/2024\/10\/Design-sans-titre-13.png","width":2160,"height":2160,"caption":"isoyaevent.fr"},"image":{"@id":"http:\/\/isoyaevent.fr\/#\/schema\/logo\/image\/"},"sameAs":["https:\/\/www.facebook.com\/profile.php?id=61554702089975","https:\/\/www.instagram.com\/isoya_event\/profilecard\/?igsh=OW1hbDQ3b3AxeG1l"]}]}},"_links":{"self":[{"href":"https:\/\/isoyaevent.fr\/index.php\/wp-json\/wp\/v2\/pages\/564","targetHints":{"allow":["GET"]}}],"collection":[{"href":"https:\/\/isoyaevent.fr\/index.php\/wp-json\/wp\/v2\/pages"}],"about":[{"href":"https:\/\/isoyaevent.fr\/index.php\/wp-json\/wp\/v2\/types\/page"}],"author":[{"embeddable":true,"href":"https:\/\/isoyaevent.fr\/index.php\/wp-json\/wp\/v2\/users\/1"}],"replies":[{"embeddable":true,"href":"https:\/\/isoyaevent.fr\/index.php\/wp-json\/wp\/v2\/comments?post=564"}],"version-history":[{"count":7,"href":"https:\/\/isoyaevent.fr\/index.php\/wp-json\/wp\/v2\/pages\/564\/revisions"}],"predecessor-version":[{"id":606,"href":"https:\/\/isoyaevent.fr\/index.php\/wp-json\/wp\/v2\/pages\/564\/revisions\/606"}],"wp:attachment":[{"href":"https:\/\/isoyaevent.fr\/index.php\/wp-json\/wp\/v2\/media?parent=564"}],"curies":[{"name":"wp","href":"https:\/\/api.w.org\/{rel}","templated":true}]}}